{"id":299,"date":"2023-08-07T11:57:52","date_gmt":"2023-08-07T11:57:52","guid":{"rendered":"https:\/\/alfombrasthevinilo.es\/?page_id=299"},"modified":"2023-08-08T09:19:03","modified_gmt":"2023-08-08T09:19:03","slug":"politica-de-privacidad","status":"publish","type":"page","link":"https:\/\/alfombrasthevinilo.es\/en\/politica-de-privacidad\/","title":{"rendered":"Privacy Policy"},"content":{"rendered":"<div data-elementor-type=\"wp-page\" data-elementor-id=\"299\" class=\"elementor elementor-299\" data-elementor-post-type=\"page\">\n\t\t\t\t\t\t\t\t\t<section class=\"elementor-section elementor-top-section elementor-element elementor-element-7ea4c90 elementor-section-boxed elementor-section-height-default elementor-section-height-default\" data-id=\"7ea4c90\" data-element_type=\"section\">\n\t\t\t\t\t\t<div class=\"elementor-container elementor-column-gap-default\">\n\t\t\t\t\t<div class=\"elementor-column elementor-col-100 elementor-top-column elementor-element elementor-element-ff0070e\" data-id=\"ff0070e\" data-element_type=\"column\">\n\t\t\t<div class=\"elementor-widget-wrap elementor-element-populated\">\n\t\t\t\t\t\t\t\t<div class=\"elementor-element elementor-element-906f472 elementor-widget elementor-widget-text-editor\" data-id=\"906f472\" data-element_type=\"widget\" data-widget_type=\"text-editor.default\">\n\t\t\t\t<div class=\"elementor-widget-container\">\n\t\t\t<style>\/*! elementor - v3.15.0 - 02-08-2023 *\/\n.elementor-widget-text-editor.elementor-drop-cap-view-stacked .elementor-drop-cap{background-color:#69727d;color:#fff}.elementor-widget-text-editor.elementor-drop-cap-view-framed .elementor-drop-cap{color:#69727d;border:3px solid;background-color:transparent}.elementor-widget-text-editor:not(.elementor-drop-cap-view-default) .elementor-drop-cap{margin-top:8px}.elementor-widget-text-editor:not(.elementor-drop-cap-view-default) .elementor-drop-cap-letter{width:1em;height:1em}.elementor-widget-text-editor .elementor-drop-cap{float:left;text-align:center;line-height:1;font-size:50px}.elementor-widget-text-editor .elementor-drop-cap-letter{display:inline-block}<\/style>\t\t\t\t<p>At Alfombras The Vinilo, we value your privacy and are committed to protecting your personal data. Below, we explain how we collect, use, disclose, and protect the information you provide to us.<\/p>\n<h3><strong>Data Collection<\/strong><\/h3>\n<p>We collect personal information that you provide to us directly, such as your name, email address, and phone number when you contact us through the contact form.<\/p>\n<p>Use of Information: We use your personal data to respond to your inquiries and provide you with information about our products and services.<\/p>\n<p>Disclosure of Information: We do not share your personal data with third parties.<\/p>\n<h3>Data Protection<\/h3>\n<p>We take security measures to protect your personal information against loss, theft, and unauthorized access.<\/p>\n<p>If you have any questions or concerns about our Privacy Policy, please do not hesitate to contact us. We are committed to keeping your information secure and confidential.<\/p>\t\t\t\t\t\t<\/div>\n\t\t\t\t<\/div>\n\t\t\t\t\t<\/div>\n\t\t<\/div>\n\t\t\t\t\t\t\t<\/div>\n\t\t<\/section>\n\t\t\t\t\t\t\t<\/div>","protected":false},"excerpt":{"rendered":"<p>En Alfombras The Vinilo, valoramos tu privacidad y nos comprometemos a proteger tus datos personales. A continuaci\u00f3n, te explicamos c\u00f3mo recopilamos, utilizamos, divulgamos y protegemos la informaci\u00f3n que nos proporcionas. Recopilaci\u00f3n de datos Recolectamos informaci\u00f3n personal que t\u00fa nos proporcionas directamente, como nombre, direcci\u00f3n de correo electr\u00f3nico y n\u00famero de tel\u00e9fono, cuando nos contactas a [&hellip;]<\/p>","protected":false},"author":1,"featured_media":0,"parent":0,"menu_order":0,"comment_status":"closed","ping_status":"closed","template":"","meta":{"footnotes":""},"class_list":["post-299","page","type-page","status-publish","hentry"],"_links":{"self":[{"href":"https:\/\/alfombrasthevinilo.es\/en\/wp-json\/wp\/v2\/pages\/299"}],"collection":[{"href":"https:\/\/alfombrasthevinilo.es\/en\/wp-json\/wp\/v2\/pages"}],"about":[{"href":"https:\/\/alfombrasthevinilo.es\/en\/wp-json\/wp\/v2\/types\/page"}],"author":[{"embeddable":true,"href":"https:\/\/alfombrasthevinilo.es\/en\/wp-json\/wp\/v2\/users\/1"}],"replies":[{"embeddable":true,"href":"https:\/\/alfombrasthevinilo.es\/en\/wp-json\/wp\/v2\/comments?post=299"}],"version-history":[{"count":10,"href":"https:\/\/alfombrasthevinilo.es\/en\/wp-json\/wp\/v2\/pages\/299\/revisions"}],"predecessor-version":[{"id":438,"href":"https:\/\/alfombrasthevinilo.es\/en\/wp-json\/wp\/v2\/pages\/299\/revisions\/438"}],"wp:attachment":[{"href":"https:\/\/alfombrasthevinilo.es\/en\/wp-json\/wp\/v2\/media?parent=299"}],"curies":[{"name":"wp","href":"https:\/\/api.w.org\/{rel}","templated":true}]}}